{"id":440,"date":"2017-03-15T15:45:31","date_gmt":"2017-03-15T15:45:31","guid":{"rendered":"http:\/\/www.ecolibri.it\/?page_id=440"},"modified":"2021-05-10T14:40:12","modified_gmt":"2021-05-10T14:40:12","slug":"la-forza-della-natura","status":"publish","type":"page","link":"https:\/\/www.ecolibri.it\/it\/la-forza-della-natura\/","title":{"rendered":"La Forza della Natura"},"content":{"rendered":"<p>Nei secoli passati, le risorse naturali sono state necessarie soprattutto per la sopravvivenza (pesca, caccia, fuoco, il raccolto ed altro). Con la continua crescita e lo sviluppo della civilt\u00e0, l&#8217;elettricit\u00e0 \u00e8 diventata una componente fondamentale per ogni singolo momento della nostra vita. Senza di essa non funziona pi\u00f9 nulla! In seguito a questo bisogno fondamentale, nel secolo scorso, l&#8217;uomo ha fatto uso di diverse risorse, che per\u00f2 con il tempo hanno contribuito notevolmente all&#8217;inquinamento del nostro pianeta. Inoltre, queste fonti non sono eternamente disponibili e gi\u00e0 oggi scarseggiano. Le conferenze a livello internazionale per proteggere l&#8217;ambiente evidenziano sempre di pi\u00f9 l&#8217;assoluta necessit\u00e0 di sviluppare progetti innovativi per la produzione di energia con l&#8217;uso di fonti naturali, come il vento, il sole e l&#8217;acqua per ridurre al minimo l&#8217;emissione di CO2 nell &#8216;atmosfera, la principale causa del riscaldamento della terra e responsabile dei cambiamenti climatici.<\/p>\n","protected":false},"excerpt":{"rendered":"<p>Nei secoli passati, le risorse naturali sono state necessarie soprattutto per la sopravvivenza (pesca, caccia, fuoco, il raccolto ed altro). Con la continua crescita e lo sviluppo della civilt\u00e0, l&#8217;elettricit\u00e0 \u00e8 diventata una componente fondamentale per ogni singolo momento della nostra vita. Senza di essa non funziona pi\u00f9 nulla! In seguito a questo bisogno fondamentale, [&hellip;]<\/p>\n","protected":false},"author":4,"featured_media":2590,"parent":0,"menu_order":0,"comment_status":"closed","ping_status":"closed","template":"templates\/template-power-of-nature.php","meta":{"footnotes":""},"class_list":["post-440","page","type-page","status-publish","has-post-thumbnail","hentry"],"acf":[],"yoast_head":"<!-- This site is optimized with the Yoast SEO plugin v26.8 - https:\/\/yoast.com\/product\/yoast-seo-wordpress\/ -->\n<title>La Forza della Natura | eColibri<\/title>\n<meta name=\"description\" content=\"Offriamo prodotti che sfruttano elementi naturali per produrre energia, come vento, sole e acqua, con lo scopo di ridurre al minimo l\u2019emissione di Co2.\" \/>\n<meta name=\"robots\" content=\"index, follow, max-snippet:-1, max-image-preview:large, max-video-preview:-1\" \/>\n<link rel=\"canonical\" href=\"https:\/\/www.ecolibri.it\/it\/la-forza-della-natura\/\" \/>\n<meta property=\"og:locale\" content=\"it_IT\" \/>\n<meta property=\"og:type\" content=\"article\" \/>\n<meta property=\"og:title\" content=\"La Forza della Natura | eColibri\" \/>\n<meta property=\"og:description\" content=\"Offriamo prodotti che sfruttano elementi naturali per produrre energia, come vento, sole e acqua, con lo scopo di ridurre al minimo l\u2019emissione di Co2.\" \/>\n<meta property=\"og:url\" content=\"https:\/\/www.ecolibri.it\/it\/la-forza-della-natura\/\" \/>\n<meta property=\"og:site_name\" content=\"eColibri\" \/>\n<meta property=\"article:modified_time\" content=\"2021-05-10T14:40:12+00:00\" \/>\n<meta property=\"og:image\" content=\"https:\/\/www.ecolibri.it\/wp-content\/uploads\/2021\/02\/power-nature.jpg\" \/>\n\t<meta property=\"og:image:width\" content=\"1905\" \/>\n\t<meta property=\"og:image:height\" content=\"1000\" \/>\n\t<meta property=\"og:image:type\" content=\"image\/jpeg\" \/>\n<meta name=\"twitter:card\" content=\"summary_large_image\" \/>\n<meta name=\"twitter:label1\" content=\"Tempo di lettura stimato\" \/>\n\t<meta name=\"twitter:data1\" content=\"1 minuto\" \/>\n<script type=\"application\/ld+json\" class=\"yoast-schema-graph\">{\"@context\":\"https:\/\/schema.org\",\"@graph\":[{\"@type\":\"WebPage\",\"@id\":\"https:\/\/www.ecolibri.it\/it\/la-forza-della-natura\/\",\"url\":\"https:\/\/www.ecolibri.it\/it\/la-forza-della-natura\/\",\"name\":\"La Forza della Natura | eColibri\",\"isPartOf\":{\"@id\":\"https:\/\/www.ecolibri.it\/#website\"},\"primaryImageOfPage\":{\"@id\":\"https:\/\/www.ecolibri.it\/it\/la-forza-della-natura\/#primaryimage\"},\"image\":{\"@id\":\"https:\/\/www.ecolibri.it\/it\/la-forza-della-natura\/#primaryimage\"},\"thumbnailUrl\":\"https:\/\/www.ecolibri.it\/wp-content\/uploads\/2021\/02\/power-nature.jpg\",\"datePublished\":\"2017-03-15T15:45:31+00:00\",\"dateModified\":\"2021-05-10T14:40:12+00:00\",\"description\":\"Offriamo prodotti che sfruttano elementi naturali per produrre energia, come vento, sole e acqua, con lo scopo di ridurre al minimo l\u2019emissione di Co2.\",\"breadcrumb\":{\"@id\":\"https:\/\/www.ecolibri.it\/it\/la-forza-della-natura\/#breadcrumb\"},\"inLanguage\":\"it-IT\",\"potentialAction\":[{\"@type\":\"ReadAction\",\"target\":[\"https:\/\/www.ecolibri.it\/it\/la-forza-della-natura\/\"]}]},{\"@type\":\"ImageObject\",\"inLanguage\":\"it-IT\",\"@id\":\"https:\/\/www.ecolibri.it\/it\/la-forza-della-natura\/#primaryimage\",\"url\":\"https:\/\/www.ecolibri.it\/wp-content\/uploads\/2021\/02\/power-nature.jpg\",\"contentUrl\":\"https:\/\/www.ecolibri.it\/wp-content\/uploads\/2021\/02\/power-nature.jpg\",\"width\":1905,\"height\":1000},{\"@type\":\"BreadcrumbList\",\"@id\":\"https:\/\/www.ecolibri.it\/it\/la-forza-della-natura\/#breadcrumb\",\"itemListElement\":[{\"@type\":\"ListItem\",\"position\":1,\"name\":\"Home\",\"item\":\"https:\/\/www.ecolibri.it\/it\/\"},{\"@type\":\"ListItem\",\"position\":2,\"name\":\"La Forza della Natura\"}]},{\"@type\":\"WebSite\",\"@id\":\"https:\/\/www.ecolibri.it\/#website\",\"url\":\"https:\/\/www.ecolibri.it\/\",\"name\":\"eColibri\",\"description\":\"Power of Nature\",\"potentialAction\":[{\"@type\":\"SearchAction\",\"target\":{\"@type\":\"EntryPoint\",\"urlTemplate\":\"https:\/\/www.ecolibri.it\/?s={search_term_string}\"},\"query-input\":{\"@type\":\"PropertyValueSpecification\",\"valueRequired\":true,\"valueName\":\"search_term_string\"}}],\"inLanguage\":\"it-IT\"}]}<\/script>\n<!-- \/ Yoast SEO plugin. -->","yoast_head_json":{"title":"La Forza della Natura | eColibri","description":"Offriamo prodotti che sfruttano elementi naturali per produrre energia, come vento, sole e acqua, con lo scopo di ridurre al minimo l\u2019emissione di Co2.","robots":{"index":"index","follow":"follow","max-snippet":"max-snippet:-1","max-image-preview":"max-image-preview:large","max-video-preview":"max-video-preview:-1"},"canonical":"https:\/\/www.ecolibri.it\/it\/la-forza-della-natura\/","og_locale":"it_IT","og_type":"article","og_title":"La Forza della Natura | eColibri","og_description":"Offriamo prodotti che sfruttano elementi naturali per produrre energia, come vento, sole e acqua, con lo scopo di ridurre al minimo l\u2019emissione di Co2.","og_url":"https:\/\/www.ecolibri.it\/it\/la-forza-della-natura\/","og_site_name":"eColibri","article_modified_time":"2021-05-10T14:40:12+00:00","og_image":[{"width":1905,"height":1000,"url":"https:\/\/www.ecolibri.it\/wp-content\/uploads\/2021\/02\/power-nature.jpg","type":"image\/jpeg"}],"twitter_card":"summary_large_image","twitter_misc":{"Tempo di lettura stimato":"1 minuto"},"schema":{"@context":"https:\/\/schema.org","@graph":[{"@type":"WebPage","@id":"https:\/\/www.ecolibri.it\/it\/la-forza-della-natura\/","url":"https:\/\/www.ecolibri.it\/it\/la-forza-della-natura\/","name":"La Forza della Natura | eColibri","isPartOf":{"@id":"https:\/\/www.ecolibri.it\/#website"},"primaryImageOfPage":{"@id":"https:\/\/www.ecolibri.it\/it\/la-forza-della-natura\/#primaryimage"},"image":{"@id":"https:\/\/www.ecolibri.it\/it\/la-forza-della-natura\/#primaryimage"},"thumbnailUrl":"https:\/\/www.ecolibri.it\/wp-content\/uploads\/2021\/02\/power-nature.jpg","datePublished":"2017-03-15T15:45:31+00:00","dateModified":"2021-05-10T14:40:12+00:00","description":"Offriamo prodotti che sfruttano elementi naturali per produrre energia, come vento, sole e acqua, con lo scopo di ridurre al minimo l\u2019emissione di Co2.","breadcrumb":{"@id":"https:\/\/www.ecolibri.it\/it\/la-forza-della-natura\/#breadcrumb"},"inLanguage":"it-IT","potentialAction":[{"@type":"ReadAction","target":["https:\/\/www.ecolibri.it\/it\/la-forza-della-natura\/"]}]},{"@type":"ImageObject","inLanguage":"it-IT","@id":"https:\/\/www.ecolibri.it\/it\/la-forza-della-natura\/#primaryimage","url":"https:\/\/www.ecolibri.it\/wp-content\/uploads\/2021\/02\/power-nature.jpg","contentUrl":"https:\/\/www.ecolibri.it\/wp-content\/uploads\/2021\/02\/power-nature.jpg","width":1905,"height":1000},{"@type":"BreadcrumbList","@id":"https:\/\/www.ecolibri.it\/it\/la-forza-della-natura\/#breadcrumb","itemListElement":[{"@type":"ListItem","position":1,"name":"Home","item":"https:\/\/www.ecolibri.it\/it\/"},{"@type":"ListItem","position":2,"name":"La Forza della Natura"}]},{"@type":"WebSite","@id":"https:\/\/www.ecolibri.it\/#website","url":"https:\/\/www.ecolibri.it\/","name":"eColibri","description":"Power of Nature","potentialAction":[{"@type":"SearchAction","target":{"@type":"EntryPoint","urlTemplate":"https:\/\/www.ecolibri.it\/?s={search_term_string}"},"query-input":{"@type":"PropertyValueSpecification","valueRequired":true,"valueName":"search_term_string"}}],"inLanguage":"it-IT"}]}},"_links":{"self":[{"href":"https:\/\/www.ecolibri.it\/it\/wp-json\/wp\/v2\/pages\/440","targetHints":{"allow":["GET"]}}],"collection":[{"href":"https:\/\/www.ecolibri.it\/it\/wp-json\/wp\/v2\/pages"}],"about":[{"href":"https:\/\/www.ecolibri.it\/it\/wp-json\/wp\/v2\/types\/page"}],"author":[{"embeddable":true,"href":"https:\/\/www.ecolibri.it\/it\/wp-json\/wp\/v2\/users\/4"}],"replies":[{"embeddable":true,"href":"https:\/\/www.ecolibri.it\/it\/wp-json\/wp\/v2\/comments?post=440"}],"version-history":[{"count":5,"href":"https:\/\/www.ecolibri.it\/it\/wp-json\/wp\/v2\/pages\/440\/revisions"}],"predecessor-version":[{"id":3052,"href":"https:\/\/www.ecolibri.it\/it\/wp-json\/wp\/v2\/pages\/440\/revisions\/3052"}],"wp:featuredmedia":[{"embeddable":true,"href":"https:\/\/www.ecolibri.it\/it\/wp-json\/wp\/v2\/media\/2590"}],"wp:attachment":[{"href":"https:\/\/www.ecolibri.it\/it\/wp-json\/wp\/v2\/media?parent=440"}],"curies":[{"name":"wp","href":"https:\/\/api.w.org\/{rel}","templated":true}]}}