{"id":942,"date":"2017-10-23T07:30:20","date_gmt":"2017-10-23T07:30:20","guid":{"rendered":"http:\/\/www.ecolibri.it\/?page_id=942"},"modified":"2021-05-10T14:58:41","modified_gmt":"2021-05-10T14:58:41","slug":"sistemi-pilota","status":"publish","type":"page","link":"https:\/\/www.ecolibri.it\/it\/sistemi-pilota\/","title":{"rendered":"Sistemi Pilota"},"content":{"rendered":"","protected":false},"excerpt":{"rendered":"","protected":false},"author":4,"featured_media":0,"parent":0,"menu_order":0,"comment_status":"closed","ping_status":"closed","template":"templates\/template-pilot-systems.php","meta":{"footnotes":""},"class_list":["post-942","page","type-page","status-publish","hentry"],"acf":[],"yoast_head":"<!-- This site is optimized with the Yoast SEO plugin v26.8 - https:\/\/yoast.com\/product\/yoast-seo-wordpress\/ -->\n<title>Sistemi Pilota | eColibri<\/title>\n<meta name=\"description\" content=\"Scopri i nostri Sistemi Pilota nel mondo: nelle citt\u00e0 di Mbabane e Siteki (Africa), e in Moldavia a Chi\u015fin\u0103u.\" \/>\n<meta name=\"robots\" content=\"index, follow, max-snippet:-1, max-image-preview:large, max-video-preview:-1\" \/>\n<link rel=\"canonical\" href=\"https:\/\/www.ecolibri.it\/it\/sistemi-pilota\/\" \/>\n<meta property=\"og:locale\" content=\"it_IT\" \/>\n<meta property=\"og:type\" content=\"article\" \/>\n<meta property=\"og:title\" content=\"Sistemi Pilota | eColibri\" \/>\n<meta property=\"og:description\" content=\"Scopri i nostri Sistemi Pilota nel mondo: nelle citt\u00e0 di Mbabane e Siteki (Africa), e in Moldavia a Chi\u015fin\u0103u.\" \/>\n<meta property=\"og:url\" content=\"https:\/\/www.ecolibri.it\/it\/sistemi-pilota\/\" \/>\n<meta property=\"og:site_name\" content=\"eColibri\" \/>\n<meta property=\"article:modified_time\" content=\"2021-05-10T14:58:41+00:00\" \/>\n<meta property=\"og:image\" content=\"https:\/\/www.ecolibri.it\/wp-content\/uploads\/2021\/07\/ecolibri_og.jpg\" \/>\n\t<meta property=\"og:image:width\" content=\"1200\" \/>\n\t<meta property=\"og:image:height\" content=\"627\" \/>\n\t<meta property=\"og:image:type\" content=\"image\/jpeg\" \/>\n<meta name=\"twitter:card\" content=\"summary_large_image\" \/>\n<script type=\"application\/ld+json\" class=\"yoast-schema-graph\">{\"@context\":\"https:\/\/schema.org\",\"@graph\":[{\"@type\":\"WebPage\",\"@id\":\"https:\/\/www.ecolibri.it\/it\/sistemi-pilota\/\",\"url\":\"https:\/\/www.ecolibri.it\/it\/sistemi-pilota\/\",\"name\":\"Sistemi Pilota | eColibri\",\"isPartOf\":{\"@id\":\"https:\/\/www.ecolibri.it\/#website\"},\"datePublished\":\"2017-10-23T07:30:20+00:00\",\"dateModified\":\"2021-05-10T14:58:41+00:00\",\"description\":\"Scopri i nostri Sistemi Pilota nel mondo: nelle citt\u00e0 di Mbabane e Siteki (Africa), e in Moldavia a Chi\u015fin\u0103u.\",\"breadcrumb\":{\"@id\":\"https:\/\/www.ecolibri.it\/it\/sistemi-pilota\/#breadcrumb\"},\"inLanguage\":\"it-IT\",\"potentialAction\":[{\"@type\":\"ReadAction\",\"target\":[\"https:\/\/www.ecolibri.it\/it\/sistemi-pilota\/\"]}]},{\"@type\":\"BreadcrumbList\",\"@id\":\"https:\/\/www.ecolibri.it\/it\/sistemi-pilota\/#breadcrumb\",\"itemListElement\":[{\"@type\":\"ListItem\",\"position\":1,\"name\":\"Home\",\"item\":\"https:\/\/www.ecolibri.it\/it\/\"},{\"@type\":\"ListItem\",\"position\":2,\"name\":\"Sistemi Pilota\"}]},{\"@type\":\"WebSite\",\"@id\":\"https:\/\/www.ecolibri.it\/#website\",\"url\":\"https:\/\/www.ecolibri.it\/\",\"name\":\"eColibri\",\"description\":\"Power of Nature\",\"potentialAction\":[{\"@type\":\"SearchAction\",\"target\":{\"@type\":\"EntryPoint\",\"urlTemplate\":\"https:\/\/www.ecolibri.it\/?s={search_term_string}\"},\"query-input\":{\"@type\":\"PropertyValueSpecification\",\"valueRequired\":true,\"valueName\":\"search_term_string\"}}],\"inLanguage\":\"it-IT\"}]}<\/script>\n<!-- \/ Yoast SEO plugin. -->","yoast_head_json":{"title":"Sistemi Pilota | eColibri","description":"Scopri i nostri Sistemi Pilota nel mondo: nelle citt\u00e0 di Mbabane e Siteki (Africa), e in Moldavia a Chi\u015fin\u0103u.","robots":{"index":"index","follow":"follow","max-snippet":"max-snippet:-1","max-image-preview":"max-image-preview:large","max-video-preview":"max-video-preview:-1"},"canonical":"https:\/\/www.ecolibri.it\/it\/sistemi-pilota\/","og_locale":"it_IT","og_type":"article","og_title":"Sistemi Pilota | eColibri","og_description":"Scopri i nostri Sistemi Pilota nel mondo: nelle citt\u00e0 di Mbabane e Siteki (Africa), e in Moldavia a Chi\u015fin\u0103u.","og_url":"https:\/\/www.ecolibri.it\/it\/sistemi-pilota\/","og_site_name":"eColibri","article_modified_time":"2021-05-10T14:58:41+00:00","og_image":[{"width":1200,"height":627,"url":"https:\/\/www.ecolibri.it\/wp-content\/uploads\/2021\/07\/ecolibri_og.jpg","type":"image\/jpeg"}],"twitter_card":"summary_large_image","schema":{"@context":"https:\/\/schema.org","@graph":[{"@type":"WebPage","@id":"https:\/\/www.ecolibri.it\/it\/sistemi-pilota\/","url":"https:\/\/www.ecolibri.it\/it\/sistemi-pilota\/","name":"Sistemi Pilota | eColibri","isPartOf":{"@id":"https:\/\/www.ecolibri.it\/#website"},"datePublished":"2017-10-23T07:30:20+00:00","dateModified":"2021-05-10T14:58:41+00:00","description":"Scopri i nostri Sistemi Pilota nel mondo: nelle citt\u00e0 di Mbabane e Siteki (Africa), e in Moldavia a Chi\u015fin\u0103u.","breadcrumb":{"@id":"https:\/\/www.ecolibri.it\/it\/sistemi-pilota\/#breadcrumb"},"inLanguage":"it-IT","potentialAction":[{"@type":"ReadAction","target":["https:\/\/www.ecolibri.it\/it\/sistemi-pilota\/"]}]},{"@type":"BreadcrumbList","@id":"https:\/\/www.ecolibri.it\/it\/sistemi-pilota\/#breadcrumb","itemListElement":[{"@type":"ListItem","position":1,"name":"Home","item":"https:\/\/www.ecolibri.it\/it\/"},{"@type":"ListItem","position":2,"name":"Sistemi Pilota"}]},{"@type":"WebSite","@id":"https:\/\/www.ecolibri.it\/#website","url":"https:\/\/www.ecolibri.it\/","name":"eColibri","description":"Power of Nature","potentialAction":[{"@type":"SearchAction","target":{"@type":"EntryPoint","urlTemplate":"https:\/\/www.ecolibri.it\/?s={search_term_string}"},"query-input":{"@type":"PropertyValueSpecification","valueRequired":true,"valueName":"search_term_string"}}],"inLanguage":"it-IT"}]}},"_links":{"self":[{"href":"https:\/\/www.ecolibri.it\/it\/wp-json\/wp\/v2\/pages\/942","targetHints":{"allow":["GET"]}}],"collection":[{"href":"https:\/\/www.ecolibri.it\/it\/wp-json\/wp\/v2\/pages"}],"about":[{"href":"https:\/\/www.ecolibri.it\/it\/wp-json\/wp\/v2\/types\/page"}],"author":[{"embeddable":true,"href":"https:\/\/www.ecolibri.it\/it\/wp-json\/wp\/v2\/users\/4"}],"replies":[{"embeddable":true,"href":"https:\/\/www.ecolibri.it\/it\/wp-json\/wp\/v2\/comments?post=942"}],"version-history":[{"count":5,"href":"https:\/\/www.ecolibri.it\/it\/wp-json\/wp\/v2\/pages\/942\/revisions"}],"predecessor-version":[{"id":3057,"href":"https:\/\/www.ecolibri.it\/it\/wp-json\/wp\/v2\/pages\/942\/revisions\/3057"}],"wp:attachment":[{"href":"https:\/\/www.ecolibri.it\/it\/wp-json\/wp\/v2\/media?parent=942"}],"curies":[{"name":"wp","href":"https:\/\/api.w.org\/{rel}","templated":true}]}}